{"id":874,"date":"2025-08-23T09:24:37","date_gmt":"2025-08-23T07:24:37","guid":{"rendered":"https:\/\/www.meaude-avocat.com\/?page_id=874"},"modified":"2025-12-26T17:33:08","modified_gmt":"2025-12-26T16:33:08","slug":"notre-equipe","status":"publish","type":"page","link":"https:\/\/www.meaude-avocat.com\/zh\/notre-equipe\/","title":{"rendered":"Notre \u00c9quipe"},"content":{"rendered":"<div data-elementor-type=\"wp-page\" data-elementor-id=\"874\" class=\"elementor elementor-874\">\n\t\t\t\t\t\t<section class=\"elementor-section elementor-top-section elementor-element elementor-element-d01e1be elementor-section-boxed elementor-section-height-default elementor-section-height-default\" data-id=\"d01e1be\" data-element_type=\"section\" data-settings=\"{&quot;background_background&quot;:&quot;classic&quot;}\">\n\t\t\t\t\t\t<div class=\"elementor-container elementor-column-gap-default\">\n\t\t\t\t\t<div class=\"elementor-column elementor-col-100 elementor-top-column elementor-element elementor-element-25bf1a9\" data-id=\"25bf1a9\" data-element_type=\"column\">\n\t\t\t<div class=\"elementor-widget-wrap elementor-element-populated\">\n\t\t\t\t\t\t<div class=\"elementor-element elementor-element-10d1537 elementor-widget elementor-widget-heading\" data-id=\"10d1537\" data-element_type=\"widget\" data-widget_type=\"heading.default\">\n\t\t\t\t<div class=\"elementor-widget-container\">\n\t\t\t\t\t<h1 class=\"elementor-heading-title elementor-size-default\">Notre \u00c9quipe, \u00e0 vos c\u00f4t\u00e9s<\/h1>\t\t\t\t<\/div>\n\t\t\t\t<\/div>\n\t\t\t\t<div class=\"elementor-element elementor-element-3cce2b4 elementor-widget elementor-widget-text-editor\" data-id=\"3cce2b4\" data-element_type=\"widget\" data-widget_type=\"text-editor.default\">\n\t\t\t\t<div class=\"elementor-widget-container\">\n\t\t\t\t\t\t\t\t\t<p style=\"text-align: center;\"><span style=\"color: #ffffff;\">Ani<\/span>m\u00e9 par la m\u00eame exigence et la volont\u00e9 d\u2019accompagner nos clients avec humanit\u00e9, <br \/>notre cabinet s\u2019appuie sur la compl\u00e9mentarit\u00e9 de ses membres. <br \/>D\u00e9couvrez les visages et les parcours de ceux qui \u0153uvrent chaque jour \u00e0 vos c\u00f4t\u00e9s.<\/p>\t\t\t\t\t\t\t\t<\/div>\n\t\t\t\t<\/div>\n\t\t\t\t\t<\/div>\n\t\t<\/div>\n\t\t\t\t\t<\/div>\n\t\t<\/section>\n\t\t\t\t<section class=\"elementor-section elementor-top-section elementor-element elementor-element-2373201 elementor-section-boxed elementor-section-height-default elementor-section-height-default\" data-id=\"2373201\" data-element_type=\"section\" data-settings=\"{&quot;background_background&quot;:&quot;classic&quot;}\">\n\t\t\t\t\t\t<div class=\"elementor-container elementor-column-gap-default\">\n\t\t\t\t\t<div class=\"elementor-column elementor-col-50 elementor-top-column elementor-element elementor-element-d39888b\" data-id=\"d39888b\" data-element_type=\"column\">\n\t\t\t<div class=\"elementor-widget-wrap elementor-element-populated\">\n\t\t\t\t\t\t<div class=\"elementor-element elementor-element-f2afbab elementor-widget elementor-widget-image\" data-id=\"f2afbab\" data-element_type=\"widget\" data-widget_type=\"image.default\">\n\t\t\t\t<div class=\"elementor-widget-container\">\n\t\t\t\t\t\t\t\t\t\t\t\t\t\t\t<img fetchpriority=\"high\" decoding=\"async\" width=\"683\" height=\"1024\" src=\"https:\/\/www.meaude-avocat.com\/wp-content\/uploads\/2025\/08\/Delphine_Meaude_Phil_Labeguerie\u00a9-PL6_9029-683x1024.jpg\" class=\"attachment-large size-large wp-image-804\" alt=\"\" srcset=\"https:\/\/www.meaude-avocat.com\/wp-content\/uploads\/2025\/08\/Delphine_Meaude_Phil_Labeguerie\u00a9-PL6_9029-683x1024.jpg 683w, https:\/\/www.meaude-avocat.com\/wp-content\/uploads\/2025\/08\/Delphine_Meaude_Phil_Labeguerie\u00a9-PL6_9029-200x300.jpg 200w, https:\/\/www.meaude-avocat.com\/wp-content\/uploads\/2025\/08\/Delphine_Meaude_Phil_Labeguerie\u00a9-PL6_9029-768x1152.jpg 768w, https:\/\/www.meaude-avocat.com\/wp-content\/uploads\/2025\/08\/Delphine_Meaude_Phil_Labeguerie\u00a9-PL6_9029-1024x1536.jpg 1024w, https:\/\/www.meaude-avocat.com\/wp-content\/uploads\/2025\/08\/Delphine_Meaude_Phil_Labeguerie\u00a9-PL6_9029-1365x2048.jpg 1365w, https:\/\/www.meaude-avocat.com\/wp-content\/uploads\/2025\/08\/Delphine_Meaude_Phil_Labeguerie\u00a9-PL6_9029-scaled.jpg 1707w\" sizes=\"(max-width: 683px) 100vw, 683px\" \/>\t\t\t\t\t\t\t\t\t\t\t\t\t\t\t<\/div>\n\t\t\t\t<\/div>\n\t\t\t\t\t<\/div>\n\t\t<\/div>\n\t\t\t\t<div class=\"elementor-column elementor-col-50 elementor-top-column elementor-element elementor-element-8b6d21b\" data-id=\"8b6d21b\" data-element_type=\"column\">\n\t\t\t<div class=\"elementor-widget-wrap elementor-element-populated\">\n\t\t\t\t\t\t<div class=\"elementor-element elementor-element-1b8cdfd elementor-widget elementor-widget-heading\" data-id=\"1b8cdfd\" data-element_type=\"widget\" data-widget_type=\"heading.default\">\n\t\t\t\t<div class=\"elementor-widget-container\">\n\t\t\t\t\t<h2 class=\"elementor-heading-title elementor-size-default\">Me Delphine MEAUDE\n\n<\/h2>\t\t\t\t<\/div>\n\t\t\t\t<\/div>\n\t\t\t\t<div class=\"elementor-element elementor-element-2c6c477 elementor-widget elementor-widget-heading\" data-id=\"2c6c477\" data-element_type=\"widget\" data-widget_type=\"heading.default\">\n\t\t\t\t<div class=\"elementor-widget-container\">\n\t\t\t\t\t<h2 class=\"elementor-heading-title elementor-size-default\">Avocate au Barreau de Bordeaux<\/h2>\t\t\t\t<\/div>\n\t\t\t\t<\/div>\n\t\t\t\t<div class=\"elementor-element elementor-element-ce0b7d7 elementor-widget elementor-widget-text-editor\" data-id=\"ce0b7d7\" data-element_type=\"widget\" data-widget_type=\"text-editor.default\">\n\t\t\t\t<div class=\"elementor-widget-container\">\n\t\t\t\t\t\t\t\t\t<p style=\"text-align: center;\"><span style=\"color: #000000;\">Avocate depuis plus de 10 ans, j\u2019accompagne mes clients dans la d\u00e9fense de leurs droits avec rigueur et d\u00e9termination. Sp\u00e9cialis\u00e9e en droit des \u00e9trangers et de la nationalit\u00e9, mon approche repose sur l\u2019\u00e9coute, la clart\u00e9 et la recherche de solutions concr\u00e8tes. Je privil\u00e9gie un accompagnement personnalis\u00e9, o\u00f9 la dimension humaine est toujours au c\u0153ur de ma pratique. Mon objectif : s\u00e9curiser vos d\u00e9marches juridiques et d\u00e9fendre vos int\u00e9r\u00eats avec exigence et conviction.<\/span><\/p>\t\t\t\t\t\t\t\t<\/div>\n\t\t\t\t<\/div>\n\t\t\t\t\t<\/div>\n\t\t<\/div>\n\t\t\t\t\t<\/div>\n\t\t<\/section>\n\t\t\t\t<section class=\"elementor-section elementor-top-section elementor-element elementor-element-aac2d8d elementor-section-boxed elementor-section-height-default elementor-section-height-default\" data-id=\"aac2d8d\" data-element_type=\"section\" data-settings=\"{&quot;background_background&quot;:&quot;classic&quot;}\">\n\t\t\t\t\t\t<div class=\"elementor-container elementor-column-gap-default\">\n\t\t\t\t\t<div class=\"elementor-column elementor-col-50 elementor-top-column elementor-element elementor-element-fe25f77\" data-id=\"fe25f77\" data-element_type=\"column\">\n\t\t\t<div class=\"elementor-widget-wrap elementor-element-populated\">\n\t\t\t\t\t\t<div class=\"elementor-element elementor-element-2ca588f elementor-widget elementor-widget-image\" data-id=\"2ca588f\" data-element_type=\"widget\" data-widget_type=\"image.default\">\n\t\t\t\t<div class=\"elementor-widget-container\">\n\t\t\t\t\t\t\t\t\t\t\t\t\t\t\t<img decoding=\"async\" width=\"682\" height=\"1024\" src=\"https:\/\/www.meaude-avocat.com\/wp-content\/uploads\/2025\/12\/Photo-lorena-site-682x1024.jpeg\" class=\"attachment-large size-large wp-image-924\" alt=\"\" srcset=\"https:\/\/www.meaude-avocat.com\/wp-content\/uploads\/2025\/12\/Photo-lorena-site-682x1024.jpeg 682w, https:\/\/www.meaude-avocat.com\/wp-content\/uploads\/2025\/12\/Photo-lorena-site-200x300.jpeg 200w, https:\/\/www.meaude-avocat.com\/wp-content\/uploads\/2025\/12\/Photo-lorena-site-768x1153.jpeg 768w, https:\/\/www.meaude-avocat.com\/wp-content\/uploads\/2025\/12\/Photo-lorena-site-1023x1536.jpeg 1023w, https:\/\/www.meaude-avocat.com\/wp-content\/uploads\/2025\/12\/Photo-lorena-site-8x12.jpeg 8w, https:\/\/www.meaude-avocat.com\/wp-content\/uploads\/2025\/12\/Photo-lorena-site.jpeg 1066w\" sizes=\"(max-width: 682px) 100vw, 682px\" \/>\t\t\t\t\t\t\t\t\t\t\t\t\t\t\t<\/div>\n\t\t\t\t<\/div>\n\t\t\t\t\t<\/div>\n\t\t<\/div>\n\t\t\t\t<div class=\"elementor-column elementor-col-50 elementor-top-column elementor-element elementor-element-630a676\" data-id=\"630a676\" data-element_type=\"column\">\n\t\t\t<div class=\"elementor-widget-wrap elementor-element-populated\">\n\t\t\t\t\t\t<div class=\"elementor-element elementor-element-d80faf2 elementor-widget elementor-widget-heading\" data-id=\"d80faf2\" data-element_type=\"widget\" data-widget_type=\"heading.default\">\n\t\t\t\t<div class=\"elementor-widget-container\">\n\t\t\t\t\t<h2 class=\"elementor-heading-title elementor-size-default\">Me Lor\u00e9na EYMARD\n\n<\/h2>\t\t\t\t<\/div>\n\t\t\t\t<\/div>\n\t\t\t\t<div class=\"elementor-element elementor-element-cb2dc8e elementor-widget elementor-widget-heading\" data-id=\"cb2dc8e\" data-element_type=\"widget\" data-widget_type=\"heading.default\">\n\t\t\t\t<div class=\"elementor-widget-container\">\n\t\t\t\t\t<h2 class=\"elementor-heading-title elementor-size-default\">Avocate au Barreau de Bordeaux<\/h2>\t\t\t\t<\/div>\n\t\t\t\t<\/div>\n\t\t\t\t<div class=\"elementor-element elementor-element-034a762 elementor-widget elementor-widget-text-editor\" data-id=\"034a762\" data-element_type=\"widget\" data-widget_type=\"text-editor.default\">\n\t\t\t\t<div class=\"elementor-widget-container\">\n\t\t\t\t\t\t\t\t\t<p style=\"text-align: center;\">Dipl\u00f4m\u00e9e d\u2019un Master en droit international, j\u2019ai rejoint le cabinet afin de mettre mes comp\u00e9tences au service des clients dans le domaine du droit des \u00e9trangers et de la nationalit\u00e9. Consciente de la particularit\u00e9 de chaque situation, je m\u2019attache \u00e0 apporter un suivi attentif \u00e0 chaque dossier, avec s\u00e9rieux et engagement.<\/p>\t\t\t\t\t\t\t\t<\/div>\n\t\t\t\t<\/div>\n\t\t\t\t\t<\/div>\n\t\t<\/div>\n\t\t\t\t\t<\/div>\n\t\t<\/section>\n\t\t\t\t<\/div>","protected":false},"excerpt":{"rendered":"<p>Notre \u00c9quipe, \u00e0 vos c\u00f4t\u00e9s Anim\u00e9 par la m\u00eame exigence et la volont\u00e9 d\u2019accompagner nos clients avec humanit\u00e9, notre cabinet s\u2019appuie sur la compl\u00e9mentarit\u00e9 de ses membres. D\u00e9couvrez les visages et les parcours de ceux qui \u0153uvrent chaque jour \u00e0 vos c\u00f4t\u00e9s. Me Delphine MEAUDE Avocate au Barreau de Bordeaux Avocate depuis plus de 10 [&hellip;]<\/p>","protected":false},"author":1,"featured_media":0,"parent":0,"menu_order":0,"comment_status":"closed","ping_status":"closed","template":"","meta":{"site-sidebar-layout":"no-sidebar","site-content-layout":"page-builder","ast-site-content-layout":"full-width-container","site-content-style":"default","site-sidebar-style":"default","ast-global-header-display":"","ast-banner-title-visibility":"","ast-main-header-display":"","ast-hfb-above-header-display":"","ast-hfb-below-header-display":"","ast-hfb-mobile-header-display":"","site-post-title":"","ast-breadcrumbs-content":"","ast-featured-img":"disabled","footer-sml-layout":"","ast-disable-related-posts":"","theme-transparent-header-meta":"","adv-header-id-meta":"","stick-header-meta":"","header-above-stick-meta":"","header-main-stick-meta":"","header-below-stick-meta":"","astra-migrate-meta-layouts":"default","ast-page-background-enabled":"default","ast-page-background-meta":{"desktop":{"background-color":"var(--ast-global-color-4)","background-image":"","background-repeat":"repeat","background-position":"center center","background-size":"auto","background-attachment":"scroll","background-type":"","background-media":"","overlay-type":"","overlay-color":"","overlay-opacity":"","overlay-gradient":""},"tablet":{"background-color":"","background-image":"","background-repeat":"repeat","background-position":"center center","background-size":"auto","background-attachment":"scroll","background-type":"","background-media":"","overlay-type":"","overlay-color":"","overlay-opacity":"","overlay-gradient":""},"mobile":{"background-color":"","background-image":"","background-repeat":"repeat","background-position":"center center","background-size":"auto","background-attachment":"scroll","background-type":"","background-media":"","overlay-type":"","overlay-color":"","overlay-opacity":"","overlay-gradient":""}},"ast-content-background-meta":{"desktop":{"background-color":"var(--ast-global-color-5)","background-image":"","background-repeat":"repeat","background-position":"center center","background-size":"auto","background-attachment":"scroll","background-type":"","background-media":"","overlay-type":"","overlay-color":"","overlay-opacity":"","overlay-gradient":""},"tablet":{"background-color":"var(--ast-global-color-5)","background-image":"","background-repeat":"repeat","background-position":"center center","background-size":"auto","background-attachment":"scroll","background-type":"","background-media":"","overlay-type":"","overlay-color":"","overlay-opacity":"","overlay-gradient":""},"mobile":{"background-color":"var(--ast-global-color-5)","background-image":"","background-repeat":"repeat","background-position":"center center","background-size":"auto","background-attachment":"scroll","background-type":"","background-media":"","overlay-type":"","overlay-color":"","overlay-opacity":"","overlay-gradient":""}},"footnotes":""},"class_list":["post-874","page","type-page","status-publish","hentry"],"_links":{"self":[{"href":"https:\/\/www.meaude-avocat.com\/zh\/wp-json\/wp\/v2\/pages\/874","targetHints":{"allow":["GET"]}}],"collection":[{"href":"https:\/\/www.meaude-avocat.com\/zh\/wp-json\/wp\/v2\/pages"}],"about":[{"href":"https:\/\/www.meaude-avocat.com\/zh\/wp-json\/wp\/v2\/types\/page"}],"author":[{"embeddable":true,"href":"https:\/\/www.meaude-avocat.com\/zh\/wp-json\/wp\/v2\/users\/1"}],"replies":[{"embeddable":true,"href":"https:\/\/www.meaude-avocat.com\/zh\/wp-json\/wp\/v2\/comments?post=874"}],"version-history":[{"count":25,"href":"https:\/\/www.meaude-avocat.com\/zh\/wp-json\/wp\/v2\/pages\/874\/revisions"}],"predecessor-version":[{"id":927,"href":"https:\/\/www.meaude-avocat.com\/zh\/wp-json\/wp\/v2\/pages\/874\/revisions\/927"}],"wp:attachment":[{"href":"https:\/\/www.meaude-avocat.com\/zh\/wp-json\/wp\/v2\/media?parent=874"}],"curies":[{"name":"wp","href":"https:\/\/api.w.org\/{rel}","templated":true}]}}