{"id":3,"date":"2022-04-15T04:41:35","date_gmt":"2022-04-15T02:41:35","guid":{"rendered":"http:\/\/www.meaude-avocat.com\/?page_id=3"},"modified":"2024-08-27T18:18:10","modified_gmt":"2024-08-27T16:18:10","slug":"politique-de-confidentialite","status":"publish","type":"page","link":"https:\/\/www.meaude-avocat.com\/es\/politique-de-confidentialite\/","title":{"rendered":"Politique de confidentialit\u00e9"},"content":{"rendered":"<div data-elementor-type=\"wp-page\" data-elementor-id=\"3\" class=\"elementor elementor-3\">\n\t\t\t\t\t\t<section class=\"elementor-section elementor-top-section elementor-element elementor-element-3c536947 elementor-section-boxed elementor-section-height-default elementor-section-height-default\" data-id=\"3c536947\" data-element_type=\"section\">\n\t\t\t\t\t\t<div class=\"elementor-container elementor-column-gap-default\">\n\t\t\t\t\t<div class=\"elementor-column elementor-col-100 elementor-top-column elementor-element elementor-element-dc6598d\" data-id=\"dc6598d\" data-element_type=\"column\">\n\t\t\t<div class=\"elementor-widget-wrap elementor-element-populated\">\n\t\t\t\t\t\t<div class=\"elementor-element elementor-element-4af265d3 elementor-widget elementor-widget-text-editor\" data-id=\"4af265d3\" data-element_type=\"widget\" data-widget_type=\"text-editor.default\">\n\t\t\t\t<div class=\"elementor-widget-container\">\n\t\t\t\t\t\t\t\t\t<p><\/p>\n<p>ARTICLE 1 : OBJET<\/p>\n<p>Les pr\u00e9sentes \u00ab conditions g\u00e9n\u00e9rales d\u2019utilisation \u00bb ont pour objet l\u2019encadrement juridique des modalit\u00e9s de mise \u00e0 disposition des services du site www.meaude-avocat.com et leur utilisation par \u00ab l\u2019Utilisateur \u00bb.<br \/>Les conditions g\u00e9n\u00e9rales d\u2019utilisation doivent \u00eatre accept\u00e9es par tout Utilisateur souhaitant acc\u00e9der au site. Elles constituent le contrat entre le site et l\u2019Utilisateur.<\/p>\n<p>L\u2019acc\u00e8s au site par l\u2019Utilisateur signifie son acceptation des pr\u00e9sentes conditions g\u00e9n\u00e9rales d\u2019utilisation.<br \/>Le site www.meaude-avocat.com se r\u00e9serve le droit de modifier unilat\u00e9ralement et \u00e0 tout moment le contenu des pr\u00e9sentes conditions g\u00e9n\u00e9rales d\u2019utilisation.<\/p>\n<p>ARTICLE 2 : MENTIONS LEGALES<\/p>\n<p>Publication<\/p>\n<p>Le pr\u00e9sent site est \u00e9dit\u00e9 et g\u00e9r\u00e9 par :<\/p>\n<p><span style=\"font-size: 16px;\">Cabinet Delphine MEAUDE EI &#8211; 69, Cours d&rsquo;Albret\u00a0<\/span>33000 BORDEAUX<\/p>\n<p>H\u00e9bergement du site<\/p>\n<p>Soci\u00e9t\u00e9 : OVH<br \/>Adresse web : www.ovh.com<br \/>Adresse Postale : 2 rue kellermann<br \/>BP 80157<br \/>59053 ROUBAIX Cedex 1<br \/>T\u00e9l\u00e9phone : +33 (0)8 203 203 63<br \/>Adresse \u00e9lectronique (E-Mail) : support@ovh.com<\/p>\n<p>ARTICLE 3 : DEFINITIONS<\/p>\n<p>Utilisateur : ce terme d\u00e9signe toute personne qui utilise le site ou l\u2019un des services propos\u00e9s par le site.<\/p>\n<p>ARTICLE 4 : ACCES AU SERVICE<\/p>\n<p>Le site permet \u00e0 l\u2019Utilisateur un acc\u00e8s gratuit aux services suivants :<\/p>\n<p>Des services d\u2019information juridiques d\u2019ordre g\u00e9n\u00e9ral;<br \/>Une information relative aux prestations fournies par Cabinet Me Delphine MEAUDE EI ;<br \/>Des outils interactifs de mise en contact et de r\u00e9ponse aux questions;<br \/>Le site est accessible gratuitement en tout lieu \u00e0 tout Utilisateur ayant un acc\u00e8s \u00e0 Internet. Tous les frais support\u00e9s par l\u2019Utilisateur pour acc\u00e9der au service (mat\u00e9riel informatique, logiciels, connexion Internet, etc.) sont \u00e0 sa charge.<br \/>Le site met en \u0153uvre tous les moyens mis \u00e0 sa disposition pour assurer un acc\u00e8s de qualit\u00e9 \u00e0 ses services. L\u2019obligation \u00e9tant de moyens, le site ne s\u2019engage pas \u00e0 atteindre ce r\u00e9sultat.<\/p>\n<p>Tout \u00e9v\u00e9nement d\u00fb \u00e0 un cas de force majeure ayant pour cons\u00e9quence un dysfonctionnement du r\u00e9seau ou du serveur n\u2019engage pas la responsabilit\u00e9 de Cabinet Me Delphine MEAUDE EI.<\/p>\n<p>L\u2019acc\u00e8s aux services du site peut \u00e0 tout moment faire l\u2019objet d\u2019une interruption, d\u2019une suspension, d\u2019une modification sans pr\u00e9avis pour une maintenance ou pour tout autre cas. L\u2019Utilisateur s\u2019oblige \u00e0 ne r\u00e9clamer aucune indemnisation suite \u00e0 l\u2019interruption, \u00e0 la suspension ou \u00e0 la modification du pr\u00e9sent contrat.<\/p>\n<p>L\u2019Utilisateur a la possibilit\u00e9 de contacter le site par messagerie \u00e9lectronique \u00e0 l\u2019adresse:<\/p>\n<p>delphine.meaude@meaude-avocat.com<\/p>\n<p>ARTICLE 5 : PROPRIETE INTELLECTUELLE<\/p>\n<p>Les marques, logos, signes et tout autre contenu du site font l\u2019objet d\u2019une protection par le Code de la propri\u00e9t\u00e9 intellectuelle et plus particuli\u00e9rement par le droit d\u2019auteur.<br \/>L\u2019Utilisateur sollicite l\u2019autorisation pr\u00e9alable du site pour toute reproduction, publication, copie des diff\u00e9rents contenus.<\/p>\n<p>L\u2019Utilisateur s\u2019engage \u00e0 une utilisation des contenus du site dans un cadre strictement priv\u00e9. Une utilisation des contenus \u00e0 des fins commerciales est strictement interdite.<\/p>\n<p>Tout contenu mis en ligne par l\u2019Utilisateur est de sa seule responsabilit\u00e9. L\u2019Utilisateur s\u2019engage \u00e0 ne pas mettre en ligne de contenus pouvant porter atteinte aux int\u00e9r\u00eats de tierces personnes. Tout recours en justice engag\u00e9 par un tiers l\u00e9s\u00e9 contre le site sera pris en charge par l\u2019Utilisateur.<\/p>\n<p>Le contenu de l\u2019Utilisateur peut \u00eatre \u00e0 tout moment et pour n\u2019importe quelle raison supprim\u00e9 ou modifi\u00e9 par le site. L\u2019Utilisateur ne re\u00e7oit aucune justification et notification pr\u00e9alablement \u00e0 la suppression ou \u00e0 la modification du contenu Utilisateur.<\/p>\n<p>ARTICLE 6 : DONNEES PERSONNELLES<\/p>\n<p>Le Cabinet s\u2019engage \u00e0 respecter la confidentialit\u00e9 des messages \u00e9crits et vocaux transmis par tous moyens.<\/p>\n<p>ARTICLE 7 : LIENS HYPERTEXTES<\/p>\n<p>Tout lien hypertexte vers le site www.meaude-avocat.com quel que soit le type de lien, doit faire l\u2019objet d\u2019une autorisation pr\u00e9alable \u00e9crite \u00e9manant de Cabinet Me Delphine MEAUDE.<\/p>\n<p>Le Site peut inclure des liens hypertextes vers d\u2019autres sites, dans le respect des obligations d\u00e9ontologiques en vigueur.<\/p>\n<p>ARTICLE 8 : RESPONSABILITE ET FORCE MAJEURE<\/p>\n<p>Les sources des informations diffus\u00e9es sur le site sont r\u00e9put\u00e9es fiables. Toutefois, le site se r\u00e9serve la facult\u00e9 d\u2019une non-garantie de la fiabilit\u00e9 des sources. Les informations donn\u00e9es sur le site le sont \u00e0 titre purement informatif. Ainsi, l\u2019Utilisateur assume seul l\u2019enti\u00e9re responsabilit\u00e9 de l\u2019utilisation des informations et contenus du pr\u00e9sent site.<\/p>\n<p>Tout usage du service par l\u2019Utilisateur ayant directement ou indirectement pour cons\u00e9quence des dommages doit faire l\u2019objet d\u2019une indemnisation au profit du site.<\/p>\n<p>Une garantie optimale de la s\u00e9curit\u00e9 et de la confidentialit\u00e9 des donn\u00e9es transmises n\u2019est pas assur\u00e9e par le site. Toutefois, le site s\u2019engage \u00e0 mettre en \u0153uvre tous les moyens n\u00e9cessaires afin de garantir au mieux la s\u00e9curit\u00e9 et la confidentialit\u00e9 des donn\u00e9es.<br \/>La responsabilit\u00e9 du site ne peut \u00eatre engag\u00e9e en cas de force majeure ou du fait impr\u00e9visible et insurmontable d\u2019un tiers.<\/p>\n<p>ARTICLE 9 : EVOLUTION DES CGU<\/p>\n<p>Le site se r\u00e9serve \u00e0 tout moment le droit de modifier les clauses stipul\u00e9es dans les pr\u00e9sentes conditions g\u00e9n\u00e9rales d\u2019utilisation.<\/p>\n<p>ARTICLE 10 : DUREE<\/p>\n<p>La dur\u00e9e des pr\u00e9sentes CGU est ind\u00e9termin\u00e9e. Les CGU produisent leurs effets \u00e0 l\u2019\u00e9gard de l\u2019Utilisateur \u00e0 compter de l\u2019utilisation du service.<\/p>\n<p>ARTICLE 11 : Droit applicable et juridiction comp\u00e9tente<\/p>\n<p>La l\u00e9gislation fran\u00e7aise s\u2019applique aux pr\u00e9sentes CGU.<\/p>\n<p><\/p>\t\t\t\t\t\t\t\t<\/div>\n\t\t\t\t<\/div>\n\t\t\t\t\t<\/div>\n\t\t<\/div>\n\t\t\t\t\t<\/div>\n\t\t<\/section>\n\t\t\t\t<\/div>","protected":false},"excerpt":{"rendered":"<p>ARTICLE 1 : OBJET Les pr\u00e9sentes \u00ab conditions g\u00e9n\u00e9rales d\u2019utilisation \u00bb ont pour objet l\u2019encadrement juridique des modalit\u00e9s de mise \u00e0 disposition des services du site www.meaude-avocat.com et leur utilisation par \u00ab l\u2019Utilisateur \u00bb.Les conditions g\u00e9n\u00e9rales d\u2019utilisation doivent \u00eatre accept\u00e9es par tout Utilisateur souhaitant acc\u00e9der au site. Elles constituent le contrat entre le site et [&hellip;]<\/p>","protected":false},"author":1,"featured_media":0,"parent":0,"menu_order":0,"comment_status":"closed","ping_status":"open","template":"","meta":{"site-sidebar-layout":"default","site-content-layout":"","ast-site-content-layout":"default","site-content-style":"default","site-sidebar-style":"default","ast-global-header-display":"","ast-banner-title-visibility":"","ast-main-header-display":"","ast-hfb-above-header-display":"","ast-hfb-below-header-display":"","ast-hfb-mobile-header-display":"","site-post-title":"","ast-breadcrumbs-content":"","ast-featured-img":"","footer-sml-layout":"","ast-disable-related-posts":"","theme-transparent-header-meta":"","adv-header-id-meta":"","stick-header-meta":"","header-above-stick-meta":"","header-main-stick-meta":"","header-below-stick-meta":"","astra-migrate-meta-layouts":"set","ast-page-background-enabled":"default","ast-page-background-meta":{"desktop":{"background-color":"var(--ast-global-color-4)","background-image":"","background-repeat":"repeat","background-position":"center center","background-size":"auto","background-attachment":"scroll","background-type":"","background-media":"","overlay-type":"","overlay-color":"","overlay-opacity":"","overlay-gradient":""},"tablet":{"background-color":"","background-image":"","background-repeat":"repeat","background-position":"center center","background-size":"auto","background-attachment":"scroll","background-type":"","background-media":"","overlay-type":"","overlay-color":"","overlay-opacity":"","overlay-gradient":""},"mobile":{"background-color":"","background-image":"","background-repeat":"repeat","background-position":"center center","background-size":"auto","background-attachment":"scroll","background-type":"","background-media":"","overlay-type":"","overlay-color":"","overlay-opacity":"","overlay-gradient":""}},"ast-content-background-meta":{"desktop":{"background-color":"var(--ast-global-color-5)","background-image":"","background-repeat":"repeat","background-position":"center center","background-size":"auto","background-attachment":"scroll","background-type":"","background-media":"","overlay-type":"","overlay-color":"","overlay-opacity":"","overlay-gradient":""},"tablet":{"background-color":"var(--ast-global-color-5)","background-image":"","background-repeat":"repeat","background-position":"center center","background-size":"auto","background-attachment":"scroll","background-type":"","background-media":"","overlay-type":"","overlay-color":"","overlay-opacity":"","overlay-gradient":""},"mobile":{"background-color":"var(--ast-global-color-5)","background-image":"","background-repeat":"repeat","background-position":"center center","background-size":"auto","background-attachment":"scroll","background-type":"","background-media":"","overlay-type":"","overlay-color":"","overlay-opacity":"","overlay-gradient":""}},"footnotes":""},"class_list":["post-3","page","type-page","status-publish","hentry"],"_links":{"self":[{"href":"https:\/\/www.meaude-avocat.com\/es\/wp-json\/wp\/v2\/pages\/3","targetHints":{"allow":["GET"]}}],"collection":[{"href":"https:\/\/www.meaude-avocat.com\/es\/wp-json\/wp\/v2\/pages"}],"about":[{"href":"https:\/\/www.meaude-avocat.com\/es\/wp-json\/wp\/v2\/types\/page"}],"author":[{"embeddable":true,"href":"https:\/\/www.meaude-avocat.com\/es\/wp-json\/wp\/v2\/users\/1"}],"replies":[{"embeddable":true,"href":"https:\/\/www.meaude-avocat.com\/es\/wp-json\/wp\/v2\/comments?post=3"}],"version-history":[{"count":4,"href":"https:\/\/www.meaude-avocat.com\/es\/wp-json\/wp\/v2\/pages\/3\/revisions"}],"predecessor-version":[{"id":780,"href":"https:\/\/www.meaude-avocat.com\/es\/wp-json\/wp\/v2\/pages\/3\/revisions\/780"}],"wp:attachment":[{"href":"https:\/\/www.meaude-avocat.com\/es\/wp-json\/wp\/v2\/media?parent=3"}],"curies":[{"name":"wp","href":"https:\/\/api.w.org\/{rel}","templated":true}]}}