{"id":22,"date":"2022-04-16T10:48:29","date_gmt":"2022-04-16T08:48:29","guid":{"rendered":"https:\/\/www.meaude-avocat.com\/?page_id=22"},"modified":"2026-01-18T20:19:06","modified_gmt":"2026-01-18T19:19:06","slug":"contact","status":"publish","type":"page","link":"https:\/\/www.meaude-avocat.com\/es\/contact\/","title":{"rendered":"Contact"},"content":{"rendered":"<div data-elementor-type=\"wp-page\" data-elementor-id=\"22\" class=\"elementor elementor-22\">\n\t\t\t\t\t\t<section class=\"elementor-section elementor-top-section elementor-element elementor-element-439496d3 elementor-section-height-min-height elementor-section-boxed elementor-section-height-default elementor-section-items-middle\" data-id=\"439496d3\" data-element_type=\"section\" data-settings=\"{&quot;background_background&quot;:&quot;classic&quot;}\">\n\t\t\t\t\t\t\t<div class=\"elementor-background-overlay\"><\/div>\n\t\t\t\t\t\t\t<div class=\"elementor-container elementor-column-gap-default\">\n\t\t\t\t\t<div class=\"elementor-column elementor-col-100 elementor-top-column elementor-element elementor-element-4fc8bbf1\" data-id=\"4fc8bbf1\" data-element_type=\"column\">\n\t\t\t<div class=\"elementor-widget-wrap elementor-element-populated\">\n\t\t\t\t\t\t<div class=\"elementor-element elementor-element-64125dac elementor-widget elementor-widget-heading\" data-id=\"64125dac\" data-element_type=\"widget\" data-widget_type=\"heading.default\">\n\t\t\t\t<div class=\"elementor-widget-container\">\n\t\t\t\t\t<h3 class=\"elementor-heading-title elementor-size-default\">Nous Contacter<\/h3>\t\t\t\t<\/div>\n\t\t\t\t<\/div>\n\t\t\t\t<div class=\"elementor-element elementor-element-2bec9eaa elementor-widget elementor-widget-heading\" data-id=\"2bec9eaa\" data-element_type=\"widget\" data-widget_type=\"heading.default\">\n\t\t\t\t<div class=\"elementor-widget-container\">\n\t\t\t\t\t<p class=\"elementor-heading-title elementor-size-default\">Coordonn\u00e9es et adresse<\/p>\t\t\t\t<\/div>\n\t\t\t\t<\/div>\n\t\t\t\t\t<\/div>\n\t\t<\/div>\n\t\t\t\t\t<\/div>\n\t\t<\/section>\n\t\t\t\t<section class=\"elementor-section elementor-top-section elementor-element elementor-element-8e958f6 elementor-section-boxed elementor-section-height-default elementor-section-height-default\" data-id=\"8e958f6\" data-element_type=\"section\" data-settings=\"{&quot;background_background&quot;:&quot;classic&quot;}\">\n\t\t\t\t\t\t<div class=\"elementor-container elementor-column-gap-default\">\n\t\t\t\t\t<div class=\"elementor-column elementor-col-100 elementor-top-column elementor-element elementor-element-b3065bb\" data-id=\"b3065bb\" data-element_type=\"column\">\n\t\t\t<div class=\"elementor-widget-wrap elementor-element-populated\">\n\t\t\t\t\t\t<div class=\"elementor-element elementor-element-1d864f8 elementor-widget elementor-widget-html\" data-id=\"1d864f8\" data-element_type=\"widget\" data-widget_type=\"html.default\">\n\t\t\t\t<div class=\"elementor-widget-container\">\n\t\t\t\t\t<style>\r\n\/* ===== Contact cards \u2014 styles isol\u00e9s (prefixe .cx-) ===== *\/\r\n.cx-wrap{--accent:#111;--bg:#fff;--border:#e5e7eb;--muted:#6b7280;--shadow:0 2px 10px rgba(0,0,0,.06);font-family:inherit}\r\n.cx-cta{display:flex;gap:12px;flex-wrap:wrap;margin:0 0 16px}\r\n.cx-btn{display:inline-block;padding:12px 16px;border-radius:12px;text-decoration:none;font-weight:600;box-shadow:var(--shadow)}\r\n.cx-btn.call{background:#f3f4f6;color:#111}\r\n.cx-btn.rdv{background:var(--accent);color:#fff}\r\n.cx-grid{display:grid;grid-template-columns:1fr;gap:12px}\r\n@media (min-width:768px){.cx-grid{grid-template-columns:repeat(2,1fr)}}\r\n.cx-card{background:var(--bg);border:1px solid var(--border);border-radius:14px;padding:16px;display:flex;gap:12px;align-items:flex-start;text-decoration:none;box-shadow:var(--shadow);transition:transform .15s ease,box-shadow .15s ease}\r\n.cx-card:hover{transform:translateY(-1px);box-shadow:0 6px 18px rgba(0,0,0,.08)}\r\n.cx-ico{font-size:22px;line-height:1}\r\n.cx-body{display:grid;gap:2px}\r\n.cx-title{font-weight:700;margin:0}\r\n.cx-sub a,.cx-sub{color:var(--accent);font-weight:600;text-decoration:none;word-break:break-word}\r\n.cx-note{color:var(--muted);font-size:14px;margin-top:4px}\r\n.cx-map{margin-top:12px}\r\n.cx-map iframe{width:100%;height:320px;border:0;border-radius:14px}\r\n<\/style>\r\n\r\n<div class=\"cx-wrap\" role=\"region\" aria-label=\"Coordonn\u00e9es du cabinet\">\r\n  <!-- CTA rapides -->\r\n  <div class=\"cx-cta\">\r\n    <a class=\"cx-btn call\" href=\"tel:+33601051874\" aria-label=\"Appeler le mobile du cabinet\">\ud83d\udcde Appeler<\/a>\r\n    <a class=\"cx-btn rdv\" href=\"https:\/\/consultation.avocat.fr\/avocat-bordeaux\/delphine-meaude-39866.html\" target=\"_blank\" rel=\"nofollow noopener\" aria-label=\"Prendre rendez-vous en ligne\">Prendre RDV<\/a>\r\n  <\/div>\r\n<iframe\r\n  src=\"https:\/\/www.google.com\/maps?output=embed&q=69%20Cours%20d%27Albret%2C%2033000%20Bordeaux&hl=fr&z=16\"\r\n  loading=\"lazy\" referrerpolicy=\"no-referrer-when-downgrade\">\r\n<\/iframe>\r\n\r\n  <!-- Cartes de contact -->\r\n  <div class=\"cx-grid\">\r\n    <!-- Email -->\r\n    <a class=\"cx-card\" href=\"mailto:delphine.meaude@meaude-avocat.com\" aria-label=\"Envoyer un email au cabinet\">\r\n      <div class=\"cx-ico\">\u2709\ufe0f<\/div>\r\n      <div class=\"cx-body\">\r\n        <p class=\"cx-title\">Email<\/p>\r\n        <p class=\"cx-sub\">delphine.meaude@meaude-avocat.com<\/p>\r\n        <p class=\"cx-note\">R\u00e9ponse sous 24 h ouvr\u00e9es<\/p>\r\n      <\/div>\r\n    <\/a>\r\n\r\n    <!-- T\u00e9l\u00e9phone (cabinet) -->\r\n    <a class=\"cx-card\" href=\"tel:+33582955776\" aria-label=\"Appeler le standard du cabinet\">\r\n      <div class=\"cx-ico\">\u260e\ufe0f<\/div>\r\n      <div class=\"cx-body\">\r\n        <p class=\"cx-title\">T\u00e9l\u00e9phone (cabinet)<\/p>\r\n        <p class=\"cx-sub\">05 82 95 57 76<\/p>\r\n        <p class=\"cx-note\">Du lundi au vendredi : 9h\u201312h & 14h\u201317h<\/p>\r\n      <\/div>\r\n    <\/a>\r\n\r\n    <!-- Mobile (urgence) -->\r\n    <a class=\"cx-card\" href=\"tel:+33601051874\" aria-label=\"Appeler le mobile pour les urgences\">\r\n      <div class=\"cx-ico\">\ud83d\udcf1<\/div>\r\n      <div class=\"cx-body\">\r\n        <p class=\"cx-title\">Mobile (urgence)<\/p>\r\n        <p class=\"cx-sub\">06 01 05 18 74 <\/p>\r\n        <p class=\"cx-note\">Pour les urgences et d\u00e9lais tr\u00e8s courts<\/p>\r\n      <\/div>\r\n    <\/a>\r\n\r\n    <!-- Adresse -->\r\n   \r\n      <div class=\"cx-body\">\r\n      \r\n\r\n<a class=\"cx-card\" href=\"https:\/\/www.google.com\/maps\/dir\/?api=1&destination=69%20Cours%20d%27Albret%2C%2033000%20Bordeaux\" target=\"_blank\" rel=\"noopener\" aria-label=\"Itin\u00e9raire vers le cabinet\">\r\n  <div class=\"cx-ico\">\ud83d\udccd<\/div>\r\n  <div class=\"cx-body\">\r\n    <p class=\"cx-title\">Adresse<\/p>\r\n    <p class=\"cx-sub\">69, Cours d\u2019Albret \u2014 33000 Bordeaux (2\u1d49 \u00e9tage)<\/p>\r\n    <p class=\"cx-note\">Ouvrir l\u2019itin\u00e9raire Google Maps \u2192<\/p>\r\n  <\/div>\r\n<\/a>\r\n\t\t\t\t<\/div>\n\t\t\t\t<\/div>\n\t\t\t\t\t<\/div>\n\t\t<\/div>\n\t\t\t\t\t<\/div>\n\t\t<\/section>\n\t\t\t\t<section class=\"elementor-section elementor-top-section elementor-element elementor-element-68426bd2 elementor-section-boxed elementor-section-height-default elementor-section-height-default\" data-id=\"68426bd2\" data-element_type=\"section\" data-settings=\"{&quot;background_background&quot;:&quot;classic&quot;}\">\n\t\t\t\t\t\t<div class=\"elementor-container elementor-column-gap-default\">\n\t\t\t\t\t<div class=\"elementor-column elementor-col-100 elementor-top-column elementor-element elementor-element-6c316f52\" data-id=\"6c316f52\" data-element_type=\"column\" data-settings=\"{&quot;background_background&quot;:&quot;classic&quot;}\">\n\t\t\t<div class=\"elementor-widget-wrap\">\n\t\t\t\t\t<div class=\"elementor-background-overlay\"><\/div>\n\t\t\t\t\t\t\t<\/div>\n\t\t<\/div>\n\t\t\t\t\t<\/div>\n\t\t<\/section>\n\t\t\t\t<section class=\"elementor-section elementor-top-section elementor-element elementor-element-b28937d elementor-section-boxed elementor-section-height-default elementor-section-height-default\" data-id=\"b28937d\" data-element_type=\"section\" data-settings=\"{&quot;background_background&quot;:&quot;classic&quot;}\">\n\t\t\t\t\t\t<div class=\"elementor-container elementor-column-gap-default\">\n\t\t\t\t\t<div class=\"elementor-column elementor-col-100 elementor-top-column elementor-element elementor-element-a51b564\" data-id=\"a51b564\" data-element_type=\"column\">\n\t\t\t<div class=\"elementor-widget-wrap elementor-element-populated\">\n\t\t\t\t\t\t<div class=\"elementor-element elementor-element-9739339 elementor-widget elementor-widget-text-editor\" data-id=\"9739339\" data-element_type=\"widget\" data-widget_type=\"text-editor.default\">\n\t\t\t\t<div class=\"elementor-widget-container\">\n\t\t\t\t\t\t\t\t\t<blockquote data-start=\"1765\" data-end=\"1850\"><p data-start=\"1767\" data-end=\"1850\"><strong>R\u00e9ponse sous 24 h ouvr\u00e9es. Pour une urgence, appelez directement le 06 01 05 18 74<\/strong><\/p><\/blockquote>\t\t\t\t\t\t\t\t<\/div>\n\t\t\t\t<\/div>\n\t\t\t\t\t<\/div>\n\t\t<\/div>\n\t\t\t\t\t<\/div>\n\t\t<\/section>\n\t\t\t\t<section class=\"elementor-section elementor-top-section elementor-element elementor-element-76377711 elementor-section-content-middle elementor-section-boxed elementor-section-height-default elementor-section-height-default\" data-id=\"76377711\" data-element_type=\"section\" data-settings=\"{&quot;background_background&quot;:&quot;classic&quot;}\">\n\t\t\t\t\t\t<div class=\"elementor-container elementor-column-gap-no\">\n\t\t\t\t\t<div class=\"elementor-column elementor-col-100 elementor-top-column elementor-element elementor-element-7189e2df\" data-id=\"7189e2df\" data-element_type=\"column\">\n\t\t\t<div class=\"elementor-widget-wrap elementor-element-populated\">\n\t\t\t\t\t\t<div class=\"elementor-element elementor-element-6f4e1889 elementor-widget elementor-widget-heading\" data-id=\"6f4e1889\" data-element_type=\"widget\" data-widget_type=\"heading.default\">\n\t\t\t\t<div class=\"elementor-widget-container\">\n\t\t\t\t\t<h4 class=\"elementor-heading-title elementor-size-default\">Contactez-nous<\/h4>\t\t\t\t<\/div>\n\t\t\t\t<\/div>\n\t\t\t\t<section class=\"elementor-section elementor-inner-section elementor-element elementor-element-5a4f6c64 elementor-section-content-middle elementor-section-boxed elementor-section-height-default elementor-section-height-default\" data-id=\"5a4f6c64\" data-element_type=\"section\">\n\t\t\t\t\t\t<div class=\"elementor-container elementor-column-gap-no\">\n\t\t\t\t\t<div class=\"elementor-column elementor-col-100 elementor-inner-column elementor-element elementor-element-8e28c0e\" data-id=\"8e28c0e\" data-element_type=\"column\">\n\t\t\t<div class=\"elementor-widget-wrap\">\n\t\t\t\t\t\t\t<\/div>\n\t\t<\/div>\n\t\t\t\t\t<\/div>\n\t\t<\/section>\n\t\t\t\t\t<\/div>\n\t\t<\/div>\n\t\t\t\t\t<\/div>\n\t\t<\/section>\n\t\t\t\t<section class=\"elementor-section elementor-top-section elementor-element elementor-element-6ab1f57 elementor-section-boxed elementor-section-height-default elementor-section-height-default\" data-id=\"6ab1f57\" data-element_type=\"section\">\n\t\t\t\t\t\t<div class=\"elementor-container elementor-column-gap-default\">\n\t\t\t\t\t<div class=\"elementor-column elementor-col-100 elementor-top-column elementor-element elementor-element-ebbac13\" data-id=\"ebbac13\" data-element_type=\"column\">\n\t\t\t<div class=\"elementor-widget-wrap elementor-element-populated\">\n\t\t\t\t\t\t<div class=\"elementor-element elementor-element-5db9e58 elementor-widget elementor-widget-html\" data-id=\"5db9e58\" data-element_type=\"widget\" data-widget_type=\"html.default\">\n\t\t\t\t<div class=\"elementor-widget-container\">\n\t\t\t\t\t<script type=\"application\/ld+json\">\r\n{\r\n  \"@context\":\"https:\/\/schema.org\",\r\n  \"@type\":\"LegalService\",\r\n  \"name\":\"Cabinet Delphine MEAUDE \u2013 Avocate\",\r\n  \"url\":\"https:\/\/www.meaude-avocat.com\/contact\/\",\r\n  \"contactPoint\":[{\r\n    \"@type\":\"ContactPoint\",\r\n    \"contactType\":\"customer support\",\r\n    \"telephone\":\"+33-7-69-22-86-18\",\r\n    \"email\":\"delphinemeaude@meaude-avocat.com\",\r\n    \"areaServed\":\"FR\",\r\n    \"availableLanguage\":[\"fr\"]\r\n  }]\r\n}\r\n<\/script>\r\n\t\t\t\t<\/div>\n\t\t\t\t<\/div>\n\t\t\t\t\t<\/div>\n\t\t<\/div>\n\t\t\t\t\t<\/div>\n\t\t<\/section>\n\t\t\t\t<section class=\"elementor-section elementor-top-section elementor-element elementor-element-fb9e3ec elementor-section-boxed elementor-section-height-default elementor-section-height-default\" data-id=\"fb9e3ec\" data-element_type=\"section\">\n\t\t\t\t\t\t<div class=\"elementor-container elementor-column-gap-default\">\n\t\t\t\t\t<div class=\"elementor-column elementor-col-100 elementor-top-column elementor-element elementor-element-4c97efb\" data-id=\"4c97efb\" data-element_type=\"column\">\n\t\t\t<div class=\"elementor-widget-wrap elementor-element-populated\">\n\t\t\t\t\t\t<div class=\"elementor-element elementor-element-f10210e elementor-widget elementor-widget-shortcode\" data-id=\"f10210e\" data-element_type=\"widget\" data-widget_type=\"shortcode.default\">\n\t\t\t\t<div class=\"elementor-widget-container\">\n\t\t\t\t\t\t\t<div class=\"elementor-shortcode\">\n<div class=\"wpcf7 no-js\" id=\"wpcf7-f897-o1\" lang=\"en-US\" dir=\"ltr\" data-wpcf7-id=\"897\">\n<div class=\"screen-reader-response\"><p role=\"status\" aria-live=\"polite\" aria-atomic=\"true\"><\/p> <ul><\/ul><\/div>\n<form action=\"\/es\/wp-json\/wp\/v2\/pages\/22#wpcf7-f897-o1\" method=\"post\" class=\"wpcf7-form init\" aria-label=\"Contact form\" novalidate=\"novalidate\" data-status=\"init\" data-trp-original-action=\"\/es\/wp-json\/wp\/v2\/pages\/22#wpcf7-f897-o1\">\n<fieldset class=\"hidden-fields-container\"><input type=\"hidden\" name=\"_wpcf7\" value=\"897\" \/><input type=\"hidden\" name=\"_wpcf7_version\" value=\"6.1.4\" \/><input type=\"hidden\" name=\"_wpcf7_locale\" value=\"en_US\" \/><input type=\"hidden\" name=\"_wpcf7_unit_tag\" value=\"wpcf7-f897-o1\" \/><input type=\"hidden\" name=\"_wpcf7_container_post\" value=\"0\" \/><input type=\"hidden\" name=\"_wpcf7_posted_data_hash\" value=\"\" \/><input type=\"hidden\" name=\"_wpcf7_recaptcha_response\" value=\"\" \/>\n<\/fieldset>\n<p><label> Nom*<br \/>\n<span class=\"wpcf7-form-control-wrap\" data-name=\"your-name\"><input size=\"40\" maxlength=\"400\" class=\"wpcf7-form-control wpcf7-text wpcf7-validates-as-required\" aria-required=\"true\" aria-invalid=\"false\" placeholder=\"Votre nom\" value=\"\" type=\"text\" name=\"your-name\" \/><\/span> <\/label>\n<\/p>\n<p><label> E-mail*<br \/>\n<span class=\"wpcf7-form-control-wrap\" data-name=\"your-email\"><input size=\"40\" maxlength=\"400\" class=\"wpcf7-form-control wpcf7-email wpcf7-validates-as-required wpcf7-text wpcf7-validates-as-email\" aria-required=\"true\" aria-invalid=\"false\" placeholder=\"votre@email.com\" value=\"\" type=\"email\" name=\"your-email\" \/><\/span> <\/label>\n<\/p>\n<p><label> T\u00e9l\u00e9phone<br \/>\n<span class=\"wpcf7-form-control-wrap\" data-name=\"your-phone\"><input size=\"40\" maxlength=\"400\" class=\"wpcf7-form-control wpcf7-tel wpcf7-text wpcf7-validates-as-tel\" aria-invalid=\"false\" placeholder=\"06 12 34 56 78\" value=\"\" type=\"tel\" name=\"your-phone\" \/><\/span> <\/label>\n<\/p>\n<p><label> Objet*<br \/>\n<span class=\"wpcf7-form-control-wrap\" data-name=\"your-subject\"><input size=\"40\" maxlength=\"400\" class=\"wpcf7-form-control wpcf7-text wpcf7-validates-as-required\" aria-required=\"true\" aria-invalid=\"false\" placeholder=\"Objet de votre demande\" value=\"\" type=\"text\" name=\"your-subject\" \/><\/span> <\/label>\n<\/p>\n<p><label> Message*<br \/>\n<span class=\"wpcf7-form-control-wrap\" data-name=\"your-message\"><textarea cols=\"40\" rows=\"10\" maxlength=\"2000\" class=\"wpcf7-form-control wpcf7-textarea wpcf7-validates-as-required\" aria-required=\"true\" aria-invalid=\"false\" placeholder=\"Expliquez votre demande en quelques lignes\" name=\"your-message\"><\/textarea><\/span> <\/label>\n<\/p>\n<p><span class=\"wpcf7-form-control-wrap\" data-name=\"your-consent\"><span class=\"wpcf7-form-control wpcf7-acceptance optional\"><span class=\"wpcf7-list-item\"><label><input type=\"checkbox\" name=\"your-consent\" value=\"1\" aria-invalid=\"false\" \/><span class=\"wpcf7-list-item-label\">J\u2019accepte le traitement de mes donn\u00e9es personnelles conform\u00e9ment \u00e0 la  <a href=\"\/es\/politique-de-confidentialite\/\" target=\"_blank\" rel=\"noopener\">politique de confidentialit\u00e9<\/a>.<\/span><\/label><\/span><\/span><\/span>\n<\/p>\n<p><span id=\"wpcf7-69e244c3a849f-wrapper\" class=\"wpcf7-form-control-wrap trap-time-wrap\" style=\"display:none !important; visibility:hidden !important;\"><label for=\"wpcf7-69e244c3a849f-field\" class=\"hp-message\">Please leave this field empty.<\/label><input id=\"wpcf7-69e244c3a849f-field\"  class=\"wpcf7-form-control wpcf7-text\" type=\"text\" name=\"trap-time\" value=\"\" size=\"40\" tabindex=\"-1\" autocomplete=\"new-password\" \/><\/span>\n<\/p>\n<p><input class=\"wpcf7-form-control wpcf7-submit has-spinner\" type=\"submit\" value=\"ENVOYER LE MESSAGE\" \/>\n<\/p><p style=\"display: none !important;\" class=\"akismet-fields-container\" data-prefix=\"_wpcf7_ak_\"><label>&#916;<textarea name=\"_wpcf7_ak_hp_textarea\" cols=\"45\" rows=\"8\" maxlength=\"100\"><\/textarea><\/label><input type=\"hidden\" id=\"ak_js_1\" name=\"_wpcf7_ak_js\" value=\"229\"\/><script>document.getElementById( \"ak_js_1\" ).setAttribute( \"value\", ( new Date() ).getTime() );<\/script><\/p><div class=\"wpcf7-response-output\" aria-hidden=\"true\"><\/div>\n<input type=\"hidden\" name=\"trp-form-language\" value=\"es\"\/><\/form>\n<\/div>\n\n<\/div>\n\t\t\t\t\t\t<\/div>\n\t\t\t\t<\/div>\n\t\t\t\t\t<\/div>\n\t\t<\/div>\n\t\t\t\t\t<\/div>\n\t\t<\/section>\n\t\t\t\t<\/div>","protected":false},"excerpt":{"rendered":"<p>Nous Contacter Coordonn\u00e9es et adresse \ud83d\udcde Appeler Prendre RDV \u2709\ufe0f Email delphine.meaude@meaude-avocat.com R\u00e9ponse sous 24 h ouvr\u00e9es \u260e\ufe0f T\u00e9l\u00e9phone (cabinet) 05 82 95 57 76 Du lundi au vendredi : 9h\u201312h &#038; 14h\u201317h \ud83d\udcf1 Mobile (urgence) 06 01 05 18 74 Pour les urgences et d\u00e9lais tr\u00e8s courts \ud83d\udccd Adresse 69, Cours d\u2019Albret \u2014 33000 [&hellip;]<\/p>","protected":false},"author":1,"featured_media":0,"parent":0,"menu_order":0,"comment_status":"closed","ping_status":"closed","template":"elementor_header_footer","meta":{"site-sidebar-layout":"no-sidebar","site-content-layout":"page-builder","ast-site-content-layout":"default","site-content-style":"default","site-sidebar-style":"default","ast-global-header-display":"","ast-banner-title-visibility":"","ast-main-header-display":"","ast-hfb-above-header-display":"","ast-hfb-below-header-display":"","ast-hfb-mobile-header-display":"","site-post-title":"disabled","ast-breadcrumbs-content":"","ast-featured-img":"disabled","footer-sml-layout":"","ast-disable-related-posts":"","theme-transparent-header-meta":"","adv-header-id-meta":"","stick-header-meta":"","header-above-stick-meta":"","header-main-stick-meta":"","header-below-stick-meta":"","astra-migrate-meta-layouts":"default","ast-page-background-enabled":"default","ast-page-background-meta":{"desktop":{"background-color":"var(--ast-global-color-4)","background-image":"","background-repeat":"repeat","background-position":"center center","background-size":"auto","background-attachment":"scroll","background-type":"","background-media":"","overlay-type":"","overlay-color":"","overlay-opacity":"","overlay-gradient":""},"tablet":{"background-color":"","background-image":"","background-repeat":"repeat","background-position":"center center","background-size":"auto","background-attachment":"scroll","background-type":"","background-media":"","overlay-type":"","overlay-color":"","overlay-opacity":"","overlay-gradient":""},"mobile":{"background-color":"","background-image":"","background-repeat":"repeat","background-position":"center center","background-size":"auto","background-attachment":"scroll","background-type":"","background-media":"","overlay-type":"","overlay-color":"","overlay-opacity":"","overlay-gradient":""}},"ast-content-background-meta":{"desktop":{"background-color":"var(--ast-global-color-5)","background-image":"","background-repeat":"repeat","background-position":"center center","background-size":"auto","background-attachment":"scroll","background-type":"","background-media":"","overlay-type":"","overlay-color":"","overlay-opacity":"","overlay-gradient":""},"tablet":{"background-color":"var(--ast-global-color-5)","background-image":"","background-repeat":"repeat","background-position":"center center","background-size":"auto","background-attachment":"scroll","background-type":"","background-media":"","overlay-type":"","overlay-color":"","overlay-opacity":"","overlay-gradient":""},"mobile":{"background-color":"var(--ast-global-color-5)","background-image":"","background-repeat":"repeat","background-position":"center center","background-size":"auto","background-attachment":"scroll","background-type":"","background-media":"","overlay-type":"","overlay-color":"","overlay-opacity":"","overlay-gradient":""}},"footnotes":""},"class_list":["post-22","page","type-page","status-publish","hentry"],"_links":{"self":[{"href":"https:\/\/www.meaude-avocat.com\/es\/wp-json\/wp\/v2\/pages\/22","targetHints":{"allow":["GET"]}}],"collection":[{"href":"https:\/\/www.meaude-avocat.com\/es\/wp-json\/wp\/v2\/pages"}],"about":[{"href":"https:\/\/www.meaude-avocat.com\/es\/wp-json\/wp\/v2\/types\/page"}],"author":[{"embeddable":true,"href":"https:\/\/www.meaude-avocat.com\/es\/wp-json\/wp\/v2\/users\/1"}],"replies":[{"embeddable":true,"href":"https:\/\/www.meaude-avocat.com\/es\/wp-json\/wp\/v2\/comments?post=22"}],"version-history":[{"count":94,"href":"https:\/\/www.meaude-avocat.com\/es\/wp-json\/wp\/v2\/pages\/22\/revisions"}],"predecessor-version":[{"id":978,"href":"https:\/\/www.meaude-avocat.com\/es\/wp-json\/wp\/v2\/pages\/22\/revisions\/978"}],"wp:attachment":[{"href":"https:\/\/www.meaude-avocat.com\/es\/wp-json\/wp\/v2\/media?parent=22"}],"curies":[{"name":"wp","href":"https:\/\/api.w.org\/{rel}","templated":true}]}}