{"id":956,"date":"2026-01-18T18:33:37","date_gmt":"2026-01-18T17:33:37","guid":{"rendered":"https:\/\/www.meaude-avocat.com\/?page_id=956"},"modified":"2026-01-18T19:39:37","modified_gmt":"2026-01-18T18:39:37","slug":"immigration-professionnelle-mobilite-internationale","status":"publish","type":"page","link":"https:\/\/www.meaude-avocat.com\/en\/immigration-professionnelle-mobilite-internationale\/","title":{"rendered":"Immigration professionnelle et mobilit\u00e9 internationale"},"content":{"rendered":"<div data-elementor-type=\"wp-page\" data-elementor-id=\"956\" class=\"elementor elementor-956\">\n\t\t\t\t\t\t<section class=\"elementor-section elementor-top-section elementor-element elementor-element-cfcf63d elementor-section-boxed elementor-section-height-default elementor-section-height-default\" data-id=\"cfcf63d\" data-element_type=\"section\" data-settings=\"{&quot;background_background&quot;:&quot;classic&quot;}\">\n\t\t\t\t\t\t<div class=\"elementor-container elementor-column-gap-default\">\n\t\t\t\t\t<div class=\"elementor-column elementor-col-100 elementor-top-column elementor-element elementor-element-2dce929\" data-id=\"2dce929\" data-element_type=\"column\">\n\t\t\t<div class=\"elementor-widget-wrap elementor-element-populated\">\n\t\t\t\t\t\t<div class=\"elementor-element elementor-element-fc83608 elementor-widget elementor-widget-heading\" data-id=\"fc83608\" data-element_type=\"widget\" data-widget_type=\"heading.default\">\n\t\t\t\t<div class=\"elementor-widget-container\">\n\t\t\t\t\t<h1 class=\"elementor-heading-title elementor-size-default\">Immigration professionnelle et mobilit\u00e9 internationale<\/h1>\t\t\t\t<\/div>\n\t\t\t\t<\/div>\n\t\t\t\t\t<\/div>\n\t\t<\/div>\n\t\t\t\t\t<\/div>\n\t\t<\/section>\n\t\t\t\t<section class=\"elementor-section elementor-top-section elementor-element elementor-element-b6c05f1 elementor-section-boxed elementor-section-height-default elementor-section-height-default\" data-id=\"b6c05f1\" data-element_type=\"section\" data-settings=\"{&quot;background_background&quot;:&quot;classic&quot;}\">\n\t\t\t\t\t\t<div class=\"elementor-container elementor-column-gap-default\">\n\t\t\t\t\t<div class=\"elementor-column elementor-col-100 elementor-top-column elementor-element elementor-element-35431ea\" data-id=\"35431ea\" data-element_type=\"column\">\n\t\t\t<div class=\"elementor-widget-wrap elementor-element-populated\">\n\t\t\t\t\t\t<div class=\"elementor-element elementor-element-45a67ff elementor-widget elementor-widget-text-editor\" data-id=\"45a67ff\" data-element_type=\"widget\" data-widget_type=\"text-editor.default\">\n\t\t\t\t<div class=\"elementor-widget-container\">\n\t\t\t\t\t\t\t\t\t<p><span style=\"color: #000000;\">Le cabinet Delphine MEAUDE accompagne les entreprises fran\u00e7aises et internationales dans leurs d\u00e9marches d\u2019immigration professionnelle et de mobilit\u00e9 internationale en France.<\/span><\/p><p><span style=\"color: #000000;\">Il intervient aux c\u00f4t\u00e9s des dirigeants, services RH et cadres, afin de s\u00e9curiser le recrutement, l\u2019installation et le maintien en France de talents \u00e9trangers, dans un cadre juridique clair et anticip\u00e9.<\/span><\/p><p><span style=\"color: #000000;\">Le cabinet assure un accompagnement strat\u00e9gique et op\u00e9rationnel, tant en conseil qu\u2019en contentieux, en tenant compte des enjeux \u00e9conomiques, professionnels et humains propres \u00e0 chaque situation.<\/span><\/p>\t\t\t\t\t\t\t\t<\/div>\n\t\t\t\t<\/div>\n\t\t\t\t\t<\/div>\n\t\t<\/div>\n\t\t\t\t\t<\/div>\n\t\t<\/section>\n\t\t\t\t<section class=\"elementor-section elementor-top-section elementor-element elementor-element-a32eca5 elementor-section-boxed elementor-section-height-default elementor-section-height-default\" data-id=\"a32eca5\" data-element_type=\"section\" data-settings=\"{&quot;background_background&quot;:&quot;classic&quot;}\">\n\t\t\t\t\t\t<div class=\"elementor-container elementor-column-gap-default\">\n\t\t\t\t\t<div class=\"elementor-column elementor-col-100 elementor-top-column elementor-element elementor-element-322f34e\" data-id=\"322f34e\" data-element_type=\"column\">\n\t\t\t<div class=\"elementor-widget-wrap elementor-element-populated\">\n\t\t\t\t\t\t<div class=\"elementor-element elementor-element-a73277e elementor-widget elementor-widget-heading\" data-id=\"a73277e\" data-element_type=\"widget\" data-widget_type=\"heading.default\">\n\t\t\t\t<div class=\"elementor-widget-container\">\n\t\t\t\t\t<h2 class=\"elementor-heading-title elementor-size-default\">Domaines d\u2019intervention\n<\/h2>\t\t\t\t<\/div>\n\t\t\t\t<\/div>\n\t\t\t\t\t<\/div>\n\t\t<\/div>\n\t\t\t\t\t<\/div>\n\t\t<\/section>\n\t\t\t\t<section class=\"elementor-section elementor-top-section elementor-element elementor-element-8337da4 elementor-section-boxed elementor-section-height-default elementor-section-height-default\" data-id=\"8337da4\" data-element_type=\"section\" data-settings=\"{&quot;background_background&quot;:&quot;classic&quot;}\">\n\t\t\t\t\t\t<div class=\"elementor-container elementor-column-gap-default\">\n\t\t\t\t\t<div class=\"elementor-column elementor-col-100 elementor-top-column elementor-element elementor-element-5b1158f\" data-id=\"5b1158f\" data-element_type=\"column\">\n\t\t\t<div class=\"elementor-widget-wrap elementor-element-populated\">\n\t\t\t\t\t\t<div class=\"elementor-element elementor-element-73b0dc8 elementor-widget elementor-widget-text-editor\" data-id=\"73b0dc8\" data-element_type=\"widget\" data-widget_type=\"text-editor.default\">\n\t\t\t\t<div class=\"elementor-widget-container\">\n\t\t\t\t\t\t\t\t\t<p><span style=\"color: #000000;\">\u2022 Titres de s\u00e9jour salari\u00e9s, cadres et dirigeants <\/span><br \/><span style=\"color: #000000;\">\u2022 Passeport Talent (salari\u00e9s qualifi\u00e9s, investisseurs, cr\u00e9ateurs d\u2019entreprise) <\/span><br \/><span style=\"color: #000000;\">\u2022 Mobilit\u00e9 intra-groupe et d\u00e9tachement <\/span><br \/><span style=\"color: #000000;\">\u2022 Installation professionnelle en France <\/span><br \/><span style=\"color: #000000;\">\u2022 Accompagnement des entreprises dans leurs obligations administratives <\/span><br \/><span style=\"color: #000000;\">\u2022 Recours et contentieux en cas de refus ou de difficult\u00e9<\/span><\/p>\t\t\t\t\t\t\t\t<\/div>\n\t\t\t\t<\/div>\n\t\t\t\t\t<\/div>\n\t\t<\/div>\n\t\t\t\t\t<\/div>\n\t\t<\/section>\n\t\t\t\t<section class=\"elementor-section elementor-top-section elementor-element elementor-element-1c84413 elementor-section-boxed elementor-section-height-default elementor-section-height-default\" data-id=\"1c84413\" data-element_type=\"section\">\n\t\t\t\t\t\t<div class=\"elementor-container elementor-column-gap-default\">\n\t\t\t\t\t<div class=\"elementor-column elementor-col-33 elementor-top-column elementor-element elementor-element-465823b\" data-id=\"465823b\" data-element_type=\"column\">\n\t\t\t<div class=\"elementor-widget-wrap elementor-element-populated\">\n\t\t\t\t\t\t<div class=\"elementor-element elementor-element-a04c0d5 elementor-widget elementor-widget-text-editor\" data-id=\"a04c0d5\" data-element_type=\"widget\" data-widget_type=\"text-editor.default\">\n\t\t\t\t<div class=\"elementor-widget-container\">\n\t\t\t\t\t\t\t\t\t<p>S\u00e9curisation du recrutement et de la mobilit\u00e9 des talents \u00e9trangers<\/p>\t\t\t\t\t\t\t\t<\/div>\n\t\t\t\t<\/div>\n\t\t\t\t\t<\/div>\n\t\t<\/div>\n\t\t\t\t<div class=\"elementor-column elementor-col-33 elementor-top-column elementor-element elementor-element-02927b8\" data-id=\"02927b8\" data-element_type=\"column\">\n\t\t\t<div class=\"elementor-widget-wrap elementor-element-populated\">\n\t\t\t\t\t\t<div class=\"elementor-element elementor-element-f303955 elementor-widget elementor-widget-text-editor\" data-id=\"f303955\" data-element_type=\"widget\" data-widget_type=\"text-editor.default\">\n\t\t\t\t<div class=\"elementor-widget-container\">\n\t\t\t\t\t\t\t\t\t<p>Installation professionnelle et familiale en France.<\/p>\t\t\t\t\t\t\t\t<\/div>\n\t\t\t\t<\/div>\n\t\t\t\t\t<\/div>\n\t\t<\/div>\n\t\t\t\t<div class=\"elementor-column elementor-col-33 elementor-top-column elementor-element elementor-element-f97c22f\" data-id=\"f97c22f\" data-element_type=\"column\">\n\t\t\t<div class=\"elementor-widget-wrap elementor-element-populated\">\n\t\t\t\t\t\t<div class=\"elementor-element elementor-element-23bf2fb elementor-widget elementor-widget-text-editor\" data-id=\"23bf2fb\" data-element_type=\"widget\" data-widget_type=\"text-editor.default\">\n\t\t\t\t<div class=\"elementor-widget-container\">\n\t\t\t\t\t\t\t\t\t<p>Mobilit\u00e9 intra-groupe et d\u00e9tachement.<\/p>\t\t\t\t\t\t\t\t<\/div>\n\t\t\t\t<\/div>\n\t\t\t\t\t<\/div>\n\t\t<\/div>\n\t\t\t\t\t<\/div>\n\t\t<\/section>\n\t\t\t\t<section class=\"elementor-section elementor-top-section elementor-element elementor-element-565eb15 elementor-section-boxed elementor-section-height-default elementor-section-height-default\" data-id=\"565eb15\" data-element_type=\"section\">\n\t\t\t\t\t\t<div class=\"elementor-container elementor-column-gap-default\">\n\t\t\t\t\t<div class=\"elementor-column elementor-col-50 elementor-top-column elementor-element elementor-element-42b2971\" data-id=\"42b2971\" data-element_type=\"column\">\n\t\t\t<div class=\"elementor-widget-wrap elementor-element-populated\">\n\t\t\t\t\t\t<div class=\"elementor-element elementor-element-d127ac3 elementor-widget elementor-widget-heading\" data-id=\"d127ac3\" data-element_type=\"widget\" data-widget_type=\"heading.default\">\n\t\t\t\t<div class=\"elementor-widget-container\">\n\t\t\t\t\t<span class=\"elementor-heading-title elementor-size-default\">Prestations<\/span>\t\t\t\t<\/div>\n\t\t\t\t<\/div>\n\t\t\t\t\t<\/div>\n\t\t<\/div>\n\t\t\t\t<div class=\"elementor-column elementor-col-50 elementor-top-column elementor-element elementor-element-44e9c2c\" data-id=\"44e9c2c\" data-element_type=\"column\">\n\t\t\t<div class=\"elementor-widget-wrap elementor-element-populated\">\n\t\t\t\t\t\t<div class=\"elementor-element elementor-element-1b6e554 elementor-widget elementor-widget-heading\" data-id=\"1b6e554\" data-element_type=\"widget\" data-widget_type=\"heading.default\">\n\t\t\t\t<div class=\"elementor-widget-container\">\n\t\t\t\t\t<h2 class=\"elementor-heading-title elementor-size-default\">Une approche strat\u00e9gique et s\u00e9curis\u00e9e<\/h2>\t\t\t\t<\/div>\n\t\t\t\t<\/div>\n\t\t\t\t\t<\/div>\n\t\t<\/div>\n\t\t\t\t\t<\/div>\n\t\t<\/section>\n\t\t\t\t<section class=\"elementor-section elementor-top-section elementor-element elementor-element-64cc315 elementor-section-boxed elementor-section-height-default elementor-section-height-default\" data-id=\"64cc315\" data-element_type=\"section\">\n\t\t\t\t\t\t<div class=\"elementor-container elementor-column-gap-default\">\n\t\t\t\t\t<div class=\"elementor-column elementor-col-50 elementor-top-column elementor-element elementor-element-e0a85ae\" data-id=\"e0a85ae\" data-element_type=\"column\">\n\t\t\t<div class=\"elementor-widget-wrap elementor-element-populated\">\n\t\t\t\t\t\t<div class=\"elementor-element elementor-element-5bb7859 elementor-widget elementor-widget-text-editor\" data-id=\"5bb7859\" data-element_type=\"widget\" data-widget_type=\"text-editor.default\">\n\t\t\t\t<div class=\"elementor-widget-container\">\n\t\t\t\t\t\t\t\t\t<ul><li data-start=\"2171\" data-end=\"2214\"><p data-start=\"2173\" data-end=\"2214\"><span style=\"color: #000000;\">Titres de s\u00e9jour salari\u00e9s et dirigeants<\/span><\/p><\/li><li data-start=\"2215\" data-end=\"2235\"><p data-start=\"2217\" data-end=\"2235\"><span style=\"color: #000000;\">Passeport Talent<\/span><\/p><\/li><li data-start=\"2236\" data-end=\"2261\"><p data-start=\"2238\" data-end=\"2261\"><span style=\"color: #000000;\">Mobilit\u00e9 intra-groupe<\/span><\/p><\/li><li data-start=\"2262\" data-end=\"2304\"><p data-start=\"2264\" data-end=\"2304\"><span style=\"color: #000000;\">Installation professionnelle en France<\/span><\/p><\/li><li data-start=\"2305\" data-end=\"2351\"><p data-start=\"2307\" data-end=\"2351\"><span style=\"color: #000000;\">Obligations administratives des employeurs<\/span><\/p><\/li><li data-start=\"2352\" data-end=\"2383\"><p data-start=\"2354\" data-end=\"2383\"><span style=\"color: #000000;\">Contentieux en cas de refus<\/span><\/p><\/li><\/ul>\t\t\t\t\t\t\t\t<\/div>\n\t\t\t\t<\/div>\n\t\t\t\t\t<\/div>\n\t\t<\/div>\n\t\t\t\t<div class=\"elementor-column elementor-col-50 elementor-top-column elementor-element elementor-element-6cdee7f\" data-id=\"6cdee7f\" data-element_type=\"column\">\n\t\t\t<div class=\"elementor-widget-wrap elementor-element-populated\">\n\t\t\t\t\t\t<div class=\"elementor-element elementor-element-0e0fa1e elementor-widget elementor-widget-text-editor\" data-id=\"0e0fa1e\" data-element_type=\"widget\" data-widget_type=\"text-editor.default\">\n\t\t\t\t<div class=\"elementor-widget-container\">\n\t\t\t\t\t\t\t\t\t<p><span style=\"color: #000000;\">Le cabinet accompagne des entreprises fran\u00e7aises et internationales avec une approche rigoureuse, anticip\u00e9e et adapt\u00e9e aux enjeux \u00e9conomiques et humains.<\/span><br data-start=\"2765\" data-end=\"2768\" \/><span style=\"color: #000000;\">Chaque dossier est trait\u00e9 de mani\u00e8re personnalis\u00e9e, en lien \u00e9troit avec les d\u00e9cideurs et prescripteurs.<\/span><\/p>\t\t\t\t\t\t\t\t<\/div>\n\t\t\t\t<\/div>\n\t\t\t\t\t<\/div>\n\t\t<\/div>\n\t\t\t\t\t<\/div>\n\t\t<\/section>\n\t\t\t\t<\/div>","protected":false},"excerpt":{"rendered":"<p>Immigration professionnelle et mobilit\u00e9 internationale Le cabinet Delphine MEAUDE accompagne les entreprises fran\u00e7aises et internationales dans leurs d\u00e9marches d\u2019immigration professionnelle et de mobilit\u00e9 internationale en France. Il intervient aux c\u00f4t\u00e9s des dirigeants, services RH et cadres, afin de s\u00e9curiser le recrutement, l\u2019installation et le maintien en France de talents \u00e9trangers, dans un cadre juridique clair [&hellip;]<\/p>","protected":false},"author":1,"featured_media":0,"parent":0,"menu_order":2,"comment_status":"closed","ping_status":"closed","template":"","meta":{"site-sidebar-layout":"no-sidebar","site-content-layout":"page-builder","ast-site-content-layout":"full-width-container","site-content-style":"default","site-sidebar-style":"default","ast-global-header-display":"","ast-banner-title-visibility":"","ast-main-header-display":"","ast-hfb-above-header-display":"","ast-hfb-below-header-display":"","ast-hfb-mobile-header-display":"","site-post-title":"","ast-breadcrumbs-content":"","ast-featured-img":"disabled","footer-sml-layout":"","ast-disable-related-posts":"","theme-transparent-header-meta":"","adv-header-id-meta":"","stick-header-meta":"","header-above-stick-meta":"","header-main-stick-meta":"","header-below-stick-meta":"","astra-migrate-meta-layouts":"set","ast-page-background-enabled":"default","ast-page-background-meta":{"desktop":{"background-color":"var(--ast-global-color-4)","background-image":"","background-repeat":"repeat","background-position":"center center","background-size":"auto","background-attachment":"scroll","background-type":"","background-media":"","overlay-type":"","overlay-color":"","overlay-opacity":"","overlay-gradient":""},"tablet":{"background-color":"","background-image":"","background-repeat":"repeat","background-position":"center center","background-size":"auto","background-attachment":"scroll","background-type":"","background-media":"","overlay-type":"","overlay-color":"","overlay-opacity":"","overlay-gradient":""},"mobile":{"background-color":"","background-image":"","background-repeat":"repeat","background-position":"center center","background-size":"auto","background-attachment":"scroll","background-type":"","background-media":"","overlay-type":"","overlay-color":"","overlay-opacity":"","overlay-gradient":""}},"ast-content-background-meta":{"desktop":{"background-color":"var(--ast-global-color-5)","background-image":"","background-repeat":"repeat","background-position":"center center","background-size":"auto","background-attachment":"scroll","background-type":"","background-media":"","overlay-type":"","overlay-color":"","overlay-opacity":"","overlay-gradient":""},"tablet":{"background-color":"var(--ast-global-color-5)","background-image":"","background-repeat":"repeat","background-position":"center center","background-size":"auto","background-attachment":"scroll","background-type":"","background-media":"","overlay-type":"","overlay-color":"","overlay-opacity":"","overlay-gradient":""},"mobile":{"background-color":"var(--ast-global-color-5)","background-image":"","background-repeat":"repeat","background-position":"center center","background-size":"auto","background-attachment":"scroll","background-type":"","background-media":"","overlay-type":"","overlay-color":"","overlay-opacity":"","overlay-gradient":""}},"footnotes":""},"class_list":["post-956","page","type-page","status-publish","hentry"],"_links":{"self":[{"href":"https:\/\/www.meaude-avocat.com\/en\/wp-json\/wp\/v2\/pages\/956","targetHints":{"allow":["GET"]}}],"collection":[{"href":"https:\/\/www.meaude-avocat.com\/en\/wp-json\/wp\/v2\/pages"}],"about":[{"href":"https:\/\/www.meaude-avocat.com\/en\/wp-json\/wp\/v2\/types\/page"}],"author":[{"embeddable":true,"href":"https:\/\/www.meaude-avocat.com\/en\/wp-json\/wp\/v2\/users\/1"}],"replies":[{"embeddable":true,"href":"https:\/\/www.meaude-avocat.com\/en\/wp-json\/wp\/v2\/comments?post=956"}],"version-history":[{"count":12,"href":"https:\/\/www.meaude-avocat.com\/en\/wp-json\/wp\/v2\/pages\/956\/revisions"}],"predecessor-version":[{"id":975,"href":"https:\/\/www.meaude-avocat.com\/en\/wp-json\/wp\/v2\/pages\/956\/revisions\/975"}],"wp:attachment":[{"href":"https:\/\/www.meaude-avocat.com\/en\/wp-json\/wp\/v2\/media?parent=956"}],"curies":[{"name":"wp","href":"https:\/\/api.w.org\/{rel}","templated":true}]}}